{"id":3060,"date":"2025-10-09T13:11:03","date_gmt":"2025-10-09T13:11:03","guid":{"rendered":"https:\/\/amedenerji.com\/?page_id=3060"},"modified":"2025-11-07T16:30:30","modified_gmt":"2025-11-07T16:30:30","slug":"diyarbakir-tarimsal-sulama","status":"publish","type":"page","link":"https:\/\/amedenerji.com\/?page_id=3060","title":{"rendered":"Diyarbak\u0131r Tar\u0131msal Sulama"},"content":{"rendered":"<figure class=\"wp-block-image size-large is-resized is-style-default\"><img loading=\"lazy\" decoding=\"async\" width=\"375\" height=\"500\" class=\"wp-image-3065\" style=\"width: 475px; height: 633px;\" src=\"https:\/\/amedenerji.com\/wp-content\/uploads\/20251005_182619-375x500.jpg\" alt=\"\" srcset=\"https:\/\/amedenerji.com\/wp-content\/uploads\/20251005_182619-375x500.jpg 375w, https:\/\/amedenerji.com\/wp-content\/uploads\/20251005_182619-38x50.jpg 38w, https:\/\/amedenerji.com\/wp-content\/uploads\/20251005_182619-768x1024.jpg 768w, https:\/\/amedenerji.com\/wp-content\/uploads\/20251005_182619-1152x1536.jpg 1152w, https:\/\/amedenerji.com\/wp-content\/uploads\/20251005_182619-1536x2048.jpg 1536w, https:\/\/amedenerji.com\/wp-content\/uploads\/20251005_182619-scaled.jpg 1920w\" sizes=\"auto, (max-width: 375px) 100vw, 375px\" \/>\n<figcaption class=\"wp-element-caption\">D\u0130YARBAKIR TARIMSAL SULAMA<\/figcaption>\n<\/figure>\n\n\n<p>#diyarbak\u0131rerganisu\u0131s\u0131tmasistemleri #diyarbak\u0131rg\u00fcne\u015fenerjisistemleri  #diyarbak\u0131rdiclesu\u0131s\u0131tmasistemleri  #diyarbak\u0131rerganitar\u0131msalsulama  #diyarbak\u0131rdicletar\u0131msalsulama  #diyarbak\u0131regiltar\u0131msalsulama  #diyarbak\u0131rkaracada\u011ftar\u0131msalsulama  #diyarbak\u0131rhanitar\u0131msalsulama  diyarbak\u0131rhazrotar\u0131msalsulama  #diyarbak\u0131rbismiltar\u0131msalsulama  #diyarbak\u0131rsilvantar\u0131msalsulama  #diyarbak\u0131rlicetar\u0131msalsulama  #diyarbak\u0131rkulptar\u0131msalsulama  #diyarbak\u0131r\u00e7\u0131nartar\u0131msalsulama  #diyarbak\u0131rkocak\u00f6ytar\u0131msalsulama #diyarbak\u0131rba\u011flartar\u0131msalsulama  #diyarbak\u0131rsurtar\u0131msalsulama  #diyarbak\u0131ryeni\u015fehirtar\u0131msalsulama  #diyarbak\u0131rkayap\u0131nartar\u0131msalsulama #diyarbak\u0131r\u00e7\u00fcng\u00fc\u015ftar\u0131msalsulama  diyarbak\u0131rtar\u0131msalsulama #diyarbak\u0131rsolarpanel <\/p>\n\n\n\n<div class=\"wp-block-group\"><div class=\"wp-block-group__inner-container is-layout-flow wp-block-group-is-layout-flow\">\n<figure class=\"wp-block-image size-large is-resized\"><img loading=\"lazy\" decoding=\"async\" width=\"281\" height=\"500\" src=\"https:\/\/amedenerji.com\/wp-content\/uploads\/33e27fd5-e277-4060-9280-1fc4b17a2490-281x500.jpg\" alt=\"\" class=\"wp-image-3086\" style=\"width:391px;height:695px\" srcset=\"https:\/\/amedenerji.com\/wp-content\/uploads\/33e27fd5-e277-4060-9280-1fc4b17a2490-281x500.jpg 281w, https:\/\/amedenerji.com\/wp-content\/uploads\/33e27fd5-e277-4060-9280-1fc4b17a2490-28x50.jpg 28w, https:\/\/amedenerji.com\/wp-content\/uploads\/33e27fd5-e277-4060-9280-1fc4b17a2490-768x1365.jpg 768w, https:\/\/amedenerji.com\/wp-content\/uploads\/33e27fd5-e277-4060-9280-1fc4b17a2490-864x1536.jpg 864w, https:\/\/amedenerji.com\/wp-content\/uploads\/33e27fd5-e277-4060-9280-1fc4b17a2490.jpg 1152w\" sizes=\"auto, (max-width: 281px) 100vw, 281px\" \/><\/figure>\n<\/div><\/div>\n\n\n\n<figure class=\"wp-block-image size-large\"><img loading=\"lazy\" decoding=\"async\" width=\"375\" height=\"500\" src=\"https:\/\/amedenerji.com\/wp-content\/uploads\/75c217d0-4656-41f1-86e1-7cc8c98031d9-375x500.jpg\" alt=\"\" class=\"wp-image-3085\" srcset=\"https:\/\/amedenerji.com\/wp-content\/uploads\/75c217d0-4656-41f1-86e1-7cc8c98031d9-375x500.jpg 375w, https:\/\/amedenerji.com\/wp-content\/uploads\/75c217d0-4656-41f1-86e1-7cc8c98031d9-38x50.jpg 38w, https:\/\/amedenerji.com\/wp-content\/uploads\/75c217d0-4656-41f1-86e1-7cc8c98031d9-768x1024.jpg 768w, https:\/\/amedenerji.com\/wp-content\/uploads\/75c217d0-4656-41f1-86e1-7cc8c98031d9-1152x1536.jpg 1152w, https:\/\/amedenerji.com\/wp-content\/uploads\/75c217d0-4656-41f1-86e1-7cc8c98031d9.jpg 1200w\" sizes=\"auto, (max-width: 375px) 100vw, 375px\" \/><\/figure>\n\n\n\n<figure class=\"wp-block-image size-large\"><img loading=\"lazy\" decoding=\"async\" width=\"375\" height=\"500\" src=\"https:\/\/amedenerji.com\/wp-content\/uploads\/36e86704-dbcc-47be-9917-e3876f57afcb-1-375x500.jpg\" alt=\"\" class=\"wp-image-3116\" srcset=\"https:\/\/amedenerji.com\/wp-content\/uploads\/36e86704-dbcc-47be-9917-e3876f57afcb-1-375x500.jpg 375w, https:\/\/amedenerji.com\/wp-content\/uploads\/36e86704-dbcc-47be-9917-e3876f57afcb-1-38x50.jpg 38w, https:\/\/amedenerji.com\/wp-content\/uploads\/36e86704-dbcc-47be-9917-e3876f57afcb-1-768x1024.jpg 768w, https:\/\/amedenerji.com\/wp-content\/uploads\/36e86704-dbcc-47be-9917-e3876f57afcb-1-1152x1536.jpg 1152w, https:\/\/amedenerji.com\/wp-content\/uploads\/36e86704-dbcc-47be-9917-e3876f57afcb-1.jpg 1200w\" sizes=\"auto, (max-width: 375px) 100vw, 375px\" \/><\/figure>\n\n\n\n<p><a href=\"https:\/\/www.facebook.com\/watch\/hashtag\/diyarbak%C4%B1ramedg%C3%BCne%C5%9Fenerjisistemleri?__eep__=6%2F&amp;__cft__[0]=AZXjUh7qqnlpXDFVCAb1qJNXlIUJpHv0ctLzeNe_AEt7fG6ZcrrjDrymZ3wB7srbxI1ZhZIuDkjJUvV6YFMRJcfFOB3P3MMocTjHsUNMPz4gnQ5NqPMa50kvrXc6E657ZozkBWLckmWZd59cwO2L1XHZzYzMjKUHyhfyHSTViWCOdbzWUPrPre5St3aIknswA1UKF9Z1gJz5MNBmrwi5SYoL&amp;__tn__=*NK-R\">#diyarbak\u0131ramedg\u00fcne\u015fenerjisistemleri<\/a> Amed Enerji Diyarbak\u0131r merkezli bir yenilenebilir enerji \u015firketidir. \u015eirket, g\u00fcne\u015f enerjisi sistemleri alan\u0131nda uzmanla\u015fm\u0131\u015f olup, <a><\/a>sat\u0131\u015f, montaj, bak\u0131m ve teknik servis hizmetleri sunmaktad\u0131r. &#8220;Amed&#8221;, Diyarbak\u0131r&#8217;\u0131n K\u00fcrt\u00e7e ad\u0131d\u0131r ve \u015firket bu ismi benimseyerek b\u00f6lgenin yerel kimli\u011fini vurgulamaktad\u0131r. Kendilerini &#8220;Diyarbak\u0131r&#8217;\u0131n Enerji Markas\u0131&#8221; olarak konumland\u0131ran firma, g\u00fcne\u015f panelleri, inverterler ve off-grid\/on-grid sistemler gibi \u00fcr\u00fcnlerle ev, i\u015f yeri ve tar\u0131msal alanlara y\u00f6nelik \u00e7\u00f6z\u00fcmler \u00fcretmektedir.<\/p>\n\n\n\n<p>Temel Bilgiler:<\/p>\n\n\n\n<p>Konum: Diyarbak\u0131r, T\u00fcrkiye (Merkez ofis ve depo).<\/p>\n\n\n\n<p>\u0130leti\u015fim:<\/p>\n\n\n\n<p>Telefon: +90 532 295 28 66<\/p>\n\n\n\n<p>E-posta: Bilgi i\u00e7in web sitesini ziyaret edin.<\/p>\n\n\n\n<p>Adres: Detayl\u0131 konum i\u00e7in Facebook sayfas\u0131 veya web sitesi.<\/p>\n\n\n\n<p>Kurulu\u015f Y\u0131l\u0131: Yakla\u015f\u0131k 2005 civar\u0131 (\u015eirket tan\u0131t\u0131m videolar\u0131 bu tarihe dayan\u0131r).<\/p>\n\n\n\n<p>Hizmetler:<\/p>\n\n\n\n<p>G\u00fcne\u015f paneli sat\u0131\u015f ve montaj\u0131.<\/p>\n\n\n\n<p>Sistem tasar\u0131m\u0131 ve bak\u0131m.<\/p>\n\n\n\n<p>Yenilenebilir enerji dan\u0131\u015fmanl\u0131\u011f\u0131.<\/p>\n\n\n\n<p>Sosyal Medya ve Web:<\/p>\n\n\n\n<p>Resmi Web Sitesi: <a href=\"https:\/\/l.facebook.com\/l.php?u=http%3A%2F%2Famedenerji.com%2F&amp;h=AT1Xgqqd4yoj-I9-YwhnknYgeZX4aUPC9iS5lhUnB6zDGNDSqy9Yn7kJrsVsZgm_gdkg7wswra60TkP5o4uF1EeS010zi2UOeWxRez_x9yX7M7ddFvGr07_YKHf9K7moAgMgBJJZL-QqAs1XtsmL3U6ERANVr8kF&amp;__tn__=-UK-R&amp;c[0]=AT126exN_jXF7ry3Zb5yq-9Bw2ZrGcsKtqLCNlTmboyHx4J7vqBdUqI_a5g-pOysCIt4la91AhYMVODIW9y-CHAOK7zh4NArlQNXB3etoCXkgLgfn34la-u3ySPponkRuQIKr35FdRq4ivMYd9WgI0Pp4mDYqrnB6ThzuMq6HPiaJ5uuCPOmyV1uyoakmys9eIgHrcoeqcIC6GzBgekofQXalsRYuVeoTHDBAxEr\" rel=\"noreferrer noopener\" target=\"_blank\">amedenerji.com<\/a> \u2013 Burada \u00fcr\u00fcn katalogu, proje \u00f6rnekleri ve ileti\u015fim formu bulunur.<\/p>\n\n\n\n<p>Facebook Sayfas\u0131: Amed G\u00fcne\u015f Enerji Sistemleri \u2013 1.600+ be\u011feni, g\u00fcncel duyurular ve m\u00fc\u015fteri yorumlar\u0131 i\u00e7in ideal.<\/p>\n\n\n\n<p>\u015eirket, Dailymotion&#8217;da 2005 tarihli tan\u0131t\u0131m videolar\u0131 mevcut. B\u00f6lgesel olarak lider konumday\u0131z m\u00fc\u015fteri geri bildirimleri genellikle montaj kalitesi ve h\u0131zl\u0131 servis \u00fczerine olumlu.<\/p>\n\n\n\n<p>Neden Tercih Edilebilir?<\/p>\n\n\n\n<p>Yerel Uzmanl\u0131k: Diyarbak\u0131r&#8217;\u0131n iklim ko\u015fullar\u0131na (yo\u011fun g\u00fcne\u015flenme) uygun sistemler tasarl\u0131yorlar.<\/p>\n\n\n\n<p>S\u00fcrd\u00fcr\u00fclebilirlik Odakl\u0131: Yenilenebilir enerjiye ge\u00e7i\u015fi te\u015fvik eden kampanyalar d\u00fczenliyorlar.<\/p>\n\n\n\n<p>Fiyatland\u0131rma: Detayl\u0131 teklif i\u00e7in do\u011frudan ileti\u015fime ge\u00e7in; genel olarak rekabet\u00e7i fiyatlarla off-grid sistemler (\u00f6rne\u011fin, ev tipi 5kW sistemler) sunuyorlar.<\/p>\n\n\n\n<p>Daha fazla detay (\u00f6rne\u011fin, belirli bir \u00fcr\u00fcn fiyat\u0131 veya proje \u00f6rne\u011fi) i\u00e7in web sitelerini ziyaret etmenizi veya telefonla araman\u0131z\u0131 \u00f6neririm. Toptan ve Parakende Sat\u0131\u015flar\u0131m\u0131z \u0130le Siz Degerli Halk\u0131m\u0131za Su Is\u0131tma,Tar\u0131msal Sulama ve solar panelle elektrik \u00fcretimi i\u00e7in sizlere hizmet etmeye devam ediyoruz Diyarbak\u0131r\u2019\u0131n b\u00fct\u00fcn il\u00e7e ve k\u00f6ylerine kom\u015fu il ve il\u00e7elere montaj ve 7\/24 teknik servisimiz hizmetinizdedir. <a href=\"https:\/\/www.facebook.com\/watch\/hashtag\/diyarbak%C4%B1rg%C3%BCne%C5%9Fpanelifirmas%C4%B1?__eep__=6%2F&amp;__cft__[0]=AZXjUh7qqnlpXDFVCAb1qJNXlIUJpHv0ctLzeNe_AEt7fG6ZcrrjDrymZ3wB7srbxI1ZhZIuDkjJUvV6YFMRJcfFOB3P3MMocTjHsUNMPz4gnQ5NqPMa50kvrXc6E657ZozkBWLckmWZd59cwO2L1XHZzYzMjKUHyhfyHSTViWCOdbzWUPrPre5St3aIknswA1UKF9Z1gJz5MNBmrwi5SYoL&amp;__tn__=*NK-R\">#diyarbak\u0131rg\u00fcne\u015fpanelifirmas\u0131<\/a><a href=\"https:\/\/www.facebook.com\/watch\/hashtag\/diyarbak%C4%B1rg%C3%BCne%C5%9Fenerjisisistemleri?__eep__=6%2F&amp;__cft__[0]=AZXjUh7qqnlpXDFVCAb1qJNXlIUJpHv0ctLzeNe_AEt7fG6ZcrrjDrymZ3wB7srbxI1ZhZIuDkjJUvV6YFMRJcfFOB3P3MMocTjHsUNMPz4gnQ5NqPMa50kvrXc6E657ZozkBWLckmWZd59cwO2L1XHZzYzMjKUHyhfyHSTViWCOdbzWUPrPre5St3aIknswA1UKF9Z1gJz5MNBmrwi5SYoL&amp;__tn__=*NK-R\">#diyarbak\u0131rg\u00fcne\u015fenerjisisistemleri<\/a><a href=\"https:\/\/www.facebook.com\/watch\/hashtag\/diyarbak%C4%B1rg%C3%BCne%C5%9Fenerjisat%C4%B1%C5%9F%C4%B1?__eep__=6%2F&amp;__cft__[0]=AZXjUh7qqnlpXDFVCAb1qJNXlIUJpHv0ctLzeNe_AEt7fG6ZcrrjDrymZ3wB7srbxI1ZhZIuDkjJUvV6YFMRJcfFOB3P3MMocTjHsUNMPz4gnQ5NqPMa50kvrXc6E657ZozkBWLckmWZd59cwO2L1XHZzYzMjKUHyhfyHSTViWCOdbzWUPrPre5St3aIknswA1UKF9Z1gJz5MNBmrwi5SYoL&amp;__tn__=*NK-R\">#diyarbak\u0131rg\u00fcne\u015fenerjisat\u0131\u015f\u0131<\/a><a href=\"https:\/\/www.facebook.com\/watch\/hashtag\/diyarbak%C4%B1rmerkezg%C3%BCne%C5%9Fenerjisisat%C4%B1%C5%9F%C4%B1?__eep__=6%2F&amp;__cft__[0]=AZXjUh7qqnlpXDFVCAb1qJNXlIUJpHv0ctLzeNe_AEt7fG6ZcrrjDrymZ3wB7srbxI1ZhZIuDkjJUvV6YFMRJcfFOB3P3MMocTjHsUNMPz4gnQ5NqPMa50kvrXc6E657ZozkBWLckmWZd59cwO2L1XHZzYzMjKUHyhfyHSTViWCOdbzWUPrPre5St3aIknswA1UKF9Z1gJz5MNBmrwi5SYoL&amp;__tn__=*NK-R\">#diyarbak\u0131rmerkezg\u00fcne\u015fenerjisisat\u0131\u015f\u0131<\/a><a href=\"https:\/\/www.facebook.com\/watch\/hashtag\/diyarbak%C4%B1rsolarg%C3%BCne%C5%9Fpanellerimontaj%C4%B1?__eep__=6%2F&amp;__cft__[0]=AZXjUh7qqnlpXDFVCAb1qJNXlIUJpHv0ctLzeNe_AEt7fG6ZcrrjDrymZ3wB7srbxI1ZhZIuDkjJUvV6YFMRJcfFOB3P3MMocTjHsUNMPz4gnQ5NqPMa50kvrXc6E657ZozkBWLckmWZd59cwO2L1XHZzYzMjKUHyhfyHSTViWCOdbzWUPrPre5St3aIknswA1UKF9Z1gJz5MNBmrwi5SYoL&amp;__tn__=*NK-R\">#diyarbak\u0131rsolarg\u00fcne\u015fpanellerimontaj\u0131<\/a><a href=\"https:\/\/www.facebook.com\/watch\/hashtag\/diyarbakrg%C3%BCne%C5%9Fpanelisat%C4%B1%C5%9F%C4%B1?__eep__=6%2F&amp;__cft__[0]=AZXjUh7qqnlpXDFVCAb1qJNXlIUJpHv0ctLzeNe_AEt7fG6ZcrrjDrymZ3wB7srbxI1ZhZIuDkjJUvV6YFMRJcfFOB3P3MMocTjHsUNMPz4gnQ5NqPMa50kvrXc6E657ZozkBWLckmWZd59cwO2L1XHZzYzMjKUHyhfyHSTViWCOdbzWUPrPre5St3aIknswA1UKF9Z1gJz5MNBmrwi5SYoL&amp;__tn__=*NK-R\">#diyarbakrg\u00fcne\u015fpanelisat\u0131\u015f\u0131<\/a><a href=\"https:\/\/www.facebook.com\/watch\/hashtag\/diyarbak%C4%B1r2elg%C3%BCne%C5%9Fenerjisisistemleri?__eep__=6%2F&amp;__cft__[0]=AZXjUh7qqnlpXDFVCAb1qJNXlIUJpHv0ctLzeNe_AEt7fG6ZcrrjDrymZ3wB7srbxI1ZhZIuDkjJUvV6YFMRJcfFOB3P3MMocTjHsUNMPz4gnQ5NqPMa50kvrXc6E657ZozkBWLckmWZd59cwO2L1XHZzYzMjKUHyhfyHSTViWCOdbzWUPrPre5St3aIknswA1UKF9Z1gJz5MNBmrwi5SYoL&amp;__tn__=*NK-R\">#diyarbak\u0131r2elg\u00fcne\u015fenerjisisistemleri<\/a><a href=\"https:\/\/www.facebook.com\/watch\/hashtag\/diyarbak%C4%B1rsu%C4%B1s%C4%B1tmag%C3%BCne%C5%9Fenerjisifirmalar%C4%B1?__eep__=6%2F&amp;__cft__[0]=AZXjUh7qqnlpXDFVCAb1qJNXlIUJpHv0ctLzeNe_AEt7fG6ZcrrjDrymZ3wB7srbxI1ZhZIuDkjJUvV6YFMRJcfFOB3P3MMocTjHsUNMPz4gnQ5NqPMa50kvrXc6E657ZozkBWLckmWZd59cwO2L1XHZzYzMjKUHyhfyHSTViWCOdbzWUPrPre5St3aIknswA1UKF9Z1gJz5MNBmrwi5SYoL&amp;__tn__=*NK-R\">#diyarbak\u0131rsu\u0131s\u0131tmag\u00fcne\u015fenerjisifirmalar\u0131<\/a><a href=\"https:\/\/www.facebook.com\/watch\/hashtag\/diyarbak%C4%B1rtar%C4%B1msalsulama?__eep__=6%2F&amp;__cft__[0]=AZXjUh7qqnlpXDFVCAb1qJNXlIUJpHv0ctLzeNe_AEt7fG6ZcrrjDrymZ3wB7srbxI1ZhZIuDkjJUvV6YFMRJcfFOB3P3MMocTjHsUNMPz4gnQ5NqPMa50kvrXc6E657ZozkBWLckmWZd59cwO2L1XHZzYzMjKUHyhfyHSTViWCOdbzWUPrPre5St3aIknswA1UKF9Z1gJz5MNBmrwi5SYoL&amp;__tn__=*NK-R\">#diyarbak\u0131rtar\u0131msalsulama<\/a><a href=\"https:\/\/www.facebook.com\/watch\/hashtag\/diyarbak%C4%B1ramedsolar?__eep__=6%2F&amp;__cft__[0]=AZXjUh7qqnlpXDFVCAb1qJNXlIUJpHv0ctLzeNe_AEt7fG6ZcrrjDrymZ3wB7srbxI1ZhZIuDkjJUvV6YFMRJcfFOB3P3MMocTjHsUNMPz4gnQ5NqPMa50kvrXc6E657ZozkBWLckmWZd59cwO2L1XHZzYzMjKUHyhfyHSTViWCOdbzWUPrPre5St3aIknswA1UKF9Z1gJz5MNBmrwi5SYoL&amp;__tn__=*NK-R\">#diyarbak\u0131ramedsolar<\/a><a href=\"https:\/\/www.facebook.com\/watch\/hashtag\/diyarbak%C4%B1rg%C3%BCne%C5%9Fenerjisi?__eep__=6%2F&amp;__cft__[0]=AZXjUh7qqnlpXDFVCAb1qJNXlIUJpHv0ctLzeNe_AEt7fG6ZcrrjDrymZ3wB7srbxI1ZhZIuDkjJUvV6YFMRJcfFOB3P3MMocTjHsUNMPz4gnQ5NqPMa50kvrXc6E657ZozkBWLckmWZd59cwO2L1XHZzYzMjKUHyhfyHSTViWCOdbzWUPrPre5St3aIknswA1UKF9Z1gJz5MNBmrwi5SYoL&amp;__tn__=*NK-R\">#diyarbak\u0131rg\u00fcne\u015fenerjisi<\/a><\/p>\n\n\n\n<figure class=\"wp-block-image size-large\"><img loading=\"lazy\" decoding=\"async\" width=\"375\" height=\"500\" src=\"https:\/\/amedenerji.com\/wp-content\/uploads\/6e7d4443-9994-4ca3-af2b-4f522974c2c6-1-375x500.jpg\" alt=\"\" class=\"wp-image-3118\" srcset=\"https:\/\/amedenerji.com\/wp-content\/uploads\/6e7d4443-9994-4ca3-af2b-4f522974c2c6-1-375x500.jpg 375w, https:\/\/amedenerji.com\/wp-content\/uploads\/6e7d4443-9994-4ca3-af2b-4f522974c2c6-1-38x50.jpg 38w, https:\/\/amedenerji.com\/wp-content\/uploads\/6e7d4443-9994-4ca3-af2b-4f522974c2c6-1-768x1024.jpg 768w, https:\/\/amedenerji.com\/wp-content\/uploads\/6e7d4443-9994-4ca3-af2b-4f522974c2c6-1-1152x1536.jpg 1152w, https:\/\/amedenerji.com\/wp-content\/uploads\/6e7d4443-9994-4ca3-af2b-4f522974c2c6-1.jpg 1200w\" sizes=\"auto, (max-width: 375px) 100vw, 375px\" \/><\/figure>\n","protected":false},"excerpt":{"rendered":"<p>D\u0130YARBAKIR TARIMSAL SULAMA #diyarbak\u0131rerganisu\u0131s\u0131tmasistemleri #diyarbak\u0131rg\u00fcne\u015fenerjisistemleri #diyarbak\u0131rdiclesu\u0131s\u0131tmasistemleri #diyarbak\u0131rerganitar\u0131msalsulama #diyarbak\u0131rdicletar\u0131msalsulama #diyarbak\u0131regiltar\u0131msalsulama #diyarbak\u0131rkaracada\u011ftar\u0131msalsulama #diyarbak\u0131rhanitar\u0131msalsulama diyarbak\u0131rhazrotar\u0131msalsulama #diyarbak\u0131rbismiltar\u0131msalsulama #diyarbak\u0131rsilvantar\u0131msalsulama #diyarbak\u0131rlicetar\u0131msalsulama #diyarbak\u0131rkulptar\u0131msalsulama #diyarbak\u0131r\u00e7\u0131nartar\u0131msalsulama #diyarbak\u0131rkocak\u00f6ytar\u0131msalsulama #diyarbak\u0131rba\u011flartar\u0131msalsulama #diyarbak\u0131rsurtar\u0131msalsulama #diyarbak\u0131ryeni\u015fehirtar\u0131msalsulama #diyarbak\u0131rkayap\u0131nartar\u0131msalsulama #diyarbak\u0131r\u00e7\u00fcng\u00fc\u015ftar\u0131msalsulama diyarbak\u0131rtar\u0131msalsulama #diyarbak\u0131rsolarpanel #diyarbak\u0131ramedg\u00fcne\u015fenerjisistemleri Amed Enerji Diyarbak\u0131r merkezli bir yenilenebilir enerji \u015firketidir. \u015eirket, g\u00fcne\u015f enerjisi sistemleri alan\u0131nda uzmanla\u015fm\u0131\u015f olup, sat\u0131\u015f, montaj, bak\u0131m ve teknik servis hizmetleri sunmaktad\u0131r. &#8220;Amed&#8221;, Diyarbak\u0131r&#8217;\u0131n K\u00fcrt\u00e7e ad\u0131d\u0131r ve \u015firket [&hellip;]<\/p>\n","protected":false},"author":1,"featured_media":0,"parent":0,"menu_order":0,"comment_status":"closed","ping_status":"closed","template":"","meta":{"footnotes":""},"class_list":["post-3060","page","type-page","status-publish","hentry"],"_links":{"self":[{"href":"https:\/\/amedenerji.com\/index.php?rest_route=\/wp\/v2\/pages\/3060","targetHints":{"allow":["GET"]}}],"collection":[{"href":"https:\/\/amedenerji.com\/index.php?rest_route=\/wp\/v2\/pages"}],"about":[{"href":"https:\/\/amedenerji.com\/index.php?rest_route=\/wp\/v2\/types\/page"}],"author":[{"embeddable":true,"href":"https:\/\/amedenerji.com\/index.php?rest_route=\/wp\/v2\/users\/1"}],"replies":[{"embeddable":true,"href":"https:\/\/amedenerji.com\/index.php?rest_route=%2Fwp%2Fv2%2Fcomments&post=3060"}],"version-history":[{"count":5,"href":"https:\/\/amedenerji.com\/index.php?rest_route=\/wp\/v2\/pages\/3060\/revisions"}],"predecessor-version":[{"id":3120,"href":"https:\/\/amedenerji.com\/index.php?rest_route=\/wp\/v2\/pages\/3060\/revisions\/3120"}],"wp:attachment":[{"href":"https:\/\/amedenerji.com\/index.php?rest_route=%2Fwp%2Fv2%2Fmedia&parent=3060"}],"curies":[{"name":"wp","href":"https:\/\/api.w.org\/{rel}","templated":true}]}}