{"id":33,"date":"2021-01-11T19:03:00","date_gmt":"2021-01-11T19:03:00","guid":{"rendered":"https:\/\/amedenerji.com\/?page_id=33"},"modified":"2025-09-28T17:33:07","modified_gmt":"2025-09-28T17:33:07","slug":"hakkimizda-2","status":"publish","type":"page","link":"https:\/\/amedenerji.com\/?page_id=33","title":{"rendered":"Hakk\u0131m\u0131zda"},"content":{"rendered":"\n<p>                                                                                                                                                                                              <strong>AMED G\u00dcNE\u015e ENERJ\u0130 S\u0130STEMLER\u0130 <\/strong><\/p>\n\n\n\n<p>                                                                                                                                                                                                     Amed Enerji Diyarbak\u0131r\u2019\u0131n enerji sekt\u00f6r\u00fcnde g\u00fcven ve kalitede tart\u0131\u015fmas\u0131z en iyi firmas\u0131d\u0131r .2005 y\u0131l\u0131nda hizmete ba\u015flayan firmam\u0131z y\u0131llard\u0131r verdi\u011fimiz hizmet ile kaliteyi ucuza sat\u0131yoruz.                                                                                  Y\u0131llar\u0131n kazand\u0131rd\u0131\u011f\u0131 tecr\u00fcbe ile m\u00fc\u015fterilerimize en kaliteli hizmeti vermek i\u00e7in 7\/24 halk\u0131m\u0131z\u0131n  hizmetindeyiz      Tecr\u00fcbelerimiz ve yapt\u0131\u011f\u0131m\u0131z on binlerce enerji sat\u0131\u015f\u0131, montaj ve merkezi sistem hizmetiyle \u015fehrimizde tercih edilen Diyarbak\u0131r\u2019da ilk ve tek resmi kurumsal enerji su \u0131s\u0131tma ve solar panelle elektrik \u00fcretimi tar\u0131msal sulama alan\u0131nda hizmet veren firmay\u0131z \u0130\u015flersan ve Amedsolar Diyarbak\u0131r ana bayisiyiz  Diyarbak\u0131r\u2019da ve \u00e7evre illerde, il\u00e7elerde, k\u00f6ylerde ve resmi kurum ve kurulu\u015flara da hizmet vermektedir. Sa\u011fl\u0131kl\u0131 S\u0131cak su ihtiyac\u0131n\u0131z\u0131 ve evinizde ve tar\u0131msal sulamada halk\u0131m\u0131z\u0131n ihtiyac\u0131n\u0131 kar\u015f\u0131lamak i\u00e7in d\u00f6rt mevsim 24 saat teknik servisimizle  sahaday\u0131z. Diyarbak\u0131r merkez ile il\u00e7e ve k\u00f6ylere teknik servis ve montaj ekiplerimiz daima hizmetinizde olacakt\u0131r. Sayg\u0131lar\u0131m\u0131zla<\/p>\n\n\n\n<figure class=\"wp-block-gallery columns-1 is-cropped wp-block-gallery-1 is-layout-flex wp-block-gallery-is-layout-flex\"><ul class=\"blocks-gallery-grid\"><li class=\"blocks-gallery-item\"><figure><img loading=\"lazy\" decoding=\"async\" width=\"1024\" height=\"1024\" src=\"https:\/\/amedenerji.com\/wp-content\/uploads\/2021\/01\/IMG_20210114_150859_063-1024x1024.jpg\" alt=\"\" data-id=\"323\" data-full-url=\"https:\/\/amedenerji.com\/wp-content\/uploads\/2021\/01\/IMG_20210114_150859_063.jpg\" data-link=\"https:\/\/amedenerji.com\/?attachment_id=323#main\" class=\"wp-image-323\" srcset=\"https:\/\/amedenerji.com\/wp-content\/uploads\/2021\/01\/IMG_20210114_150859_063-1024x1024.jpg 1024w, https:\/\/amedenerji.com\/wp-content\/uploads\/2021\/01\/IMG_20210114_150859_063-300x300.jpg 300w, https:\/\/amedenerji.com\/wp-content\/uploads\/2021\/01\/IMG_20210114_150859_063-150x150.jpg 150w, https:\/\/amedenerji.com\/wp-content\/uploads\/2021\/01\/IMG_20210114_150859_063-768x768.jpg 768w, https:\/\/amedenerji.com\/wp-content\/uploads\/2021\/01\/IMG_20210114_150859_063.jpg 1500w\" sizes=\"auto, (max-width: 1024px) 100vw, 1024px\" \/><\/figure><\/li><\/ul><figcaption class=\"blocks-gallery-caption\">               <img loading=\"lazy\" decoding=\"async\" height=\"98\" width=\"98\" alt=\"Amed G\u00fcne\u015f Enerji Sistemleri \u2013 Diyarbak\u0131r'da Bizi Tercih Eden On Binlerce Aileye Te\u015fekk\u00fcr Ederiz.\" src=\"https:\/\/external.fdiy1-1.fna.fbcdn.net\/safe_image.php?d=AQG9kBGsuGQtsM2M&amp;w=98&amp;h=98&amp;url=https%3A%2F%2Famedenerji.com%2Fwp-content%2Fuploads%2FIMG-20200311-WA0013.jpg&amp;cfs=1&amp;_nc_cb=1&amp;_nc_hash=AQFWUS929UgPQqer\">         #batmang\u00fcne\u015fenerjisistemleri                                 <br>#marding\u00fcne\u015fenerjisistemleri<br>Elaz\u0131\u011f g\u00fcne\u015f enerji firmas\u0131                                                                                                                                                             Ergani g\u00fcne\u015f enerji sistemleri                              <br>Diyarbak\u0131r g\u00fcne\u015f enerji sistemleri                                                                                                                                            Ergani g\u00fcne\u015f enerji sistemleri                                     <br>Bismil g\u00fcne\u015f enerji sistemleri                                      <br>Silvan g\u00fcne\u015f enerji sistemleri                                        <br>Kulp g\u00fcne\u015f enerji sistemleri                                           <br>Lice g\u00fcne\u015f enerji sistemleri                                                                                                                                               Dicle g\u00fcne\u015f enerji sistemleri                                          <br>Egil g\u00fcne\u015f enerji sistemleri                                    <br>Kocak\u00f6y g\u00fcne\u015f enerji sistemleri                                                                                                                                    \u00c7ermik g\u00fcne\u015f enerji sistemleri                                 <br>\u00c7\u00fcng\u00fc\u015f g\u00fcne\u015f enerji sistemleri                                 <br>Ergani \u015f\u00f6len solar enerji                                              <br>\u00c7\u0131nar g\u00fcne\u015f enerji sistemleri                                        <br>Hani g\u00fcne\u015f enerji sistemleri                                       <br>Hazro g\u00fcne\u015f enerji sistemleri                              <br>Karacada\u011f g\u00fcne\u015f enerji sistemleri                                                                                                                                 Siverek g\u00fcne\u015f enerji sistemleri                                                                                                                                       Bing\u00f6l g\u00fcne\u015f enerji sistemleri                            <br>Maz\u0131da\u011f g\u00fcne\u015f enerji sistemleri                                                                                                                               Kayap\u0131nar g\u00fcne\u015f enerji sistemleri                          <br>Ba\u011flar g\u00fcne\u015f enerji sistemleri                                                                                                                                              Sur g\u00fcne\u015f enerji sistemleri                                                                                                                                         Yeni\u015fehir g\u00fcne\u015f enerji sistemleri                            <br>\u00c7ar\u0131kl\u0131 g\u00fcne\u015f enerji sistemleri                                                                                                                                          Diyarbak\u0131r ges                                                                                                                                                          Diyarbak\u0131r solar enerji                                                                                                                                              Diyarbak\u0131r tar\u0131msal sulama                              <br>Diyarbak\u0131r solar panel <\/figcaption><\/figure>\n\n\n\n<p><\/p>\n\n\n\n<figure class=\"wp-block-video\"><video controls src=\"https:\/\/amedenerji.com\/wp-content\/uploads\/FB_VID_434466589289587470.mp4\"><\/video><\/figure>\n\n\n\n<p>#diyarbak\u0131rerganisolarenerji #diyarbak\u0131rerganisu\u0131s\u0131tma #diyarbak\u0131rerganig\u00fcne\u015fenerjisistemleri<\/p>\n\n\n\n<p><\/p>\n\n\n\n<p><\/p>\n\n\n\n<p><\/p>\n\n\n\n<p> <\/p>\n","protected":false},"excerpt":{"rendered":"<p>AMED G\u00dcNE\u015e ENERJ\u0130 S\u0130STEMLER\u0130 Amed Enerji Diyarbak\u0131r\u2019\u0131n enerji sekt\u00f6r\u00fcnde g\u00fcven ve kalitede tart\u0131\u015fmas\u0131z en iyi firmas\u0131d\u0131r .2005 y\u0131l\u0131nda hizmete ba\u015flayan firmam\u0131z y\u0131llard\u0131r verdi\u011fimiz hizmet ile kaliteyi ucuza sat\u0131yoruz. Y\u0131llar\u0131n kazand\u0131rd\u0131\u011f\u0131 tecr\u00fcbe ile m\u00fc\u015fterilerimize en kaliteli hizmeti vermek i\u00e7in 7\/24 halk\u0131m\u0131z\u0131n hizmetindeyiz Tecr\u00fcbelerimiz ve yapt\u0131\u011f\u0131m\u0131z on binlerce enerji sat\u0131\u015f\u0131, montaj ve merkezi sistem hizmetiyle \u015fehrimizde tercih [&hellip;]<\/p>\n","protected":false},"author":1,"featured_media":0,"parent":0,"menu_order":0,"comment_status":"closed","ping_status":"closed","template":"","meta":{"footnotes":""},"class_list":["post-33","page","type-page","status-publish","hentry"],"_links":{"self":[{"href":"https:\/\/amedenerji.com\/index.php?rest_route=\/wp\/v2\/pages\/33","targetHints":{"allow":["GET"]}}],"collection":[{"href":"https:\/\/amedenerji.com\/index.php?rest_route=\/wp\/v2\/pages"}],"about":[{"href":"https:\/\/amedenerji.com\/index.php?rest_route=\/wp\/v2\/types\/page"}],"author":[{"embeddable":true,"href":"https:\/\/amedenerji.com\/index.php?rest_route=\/wp\/v2\/users\/1"}],"replies":[{"embeddable":true,"href":"https:\/\/amedenerji.com\/index.php?rest_route=%2Fwp%2Fv2%2Fcomments&post=33"}],"version-history":[{"count":27,"href":"https:\/\/amedenerji.com\/index.php?rest_route=\/wp\/v2\/pages\/33\/revisions"}],"predecessor-version":[{"id":3032,"href":"https:\/\/amedenerji.com\/index.php?rest_route=\/wp\/v2\/pages\/33\/revisions\/3032"}],"wp:attachment":[{"href":"https:\/\/amedenerji.com\/index.php?rest_route=%2Fwp%2Fv2%2Fmedia&parent=33"}],"curies":[{"name":"wp","href":"https:\/\/api.w.org\/{rel}","templated":true}]}}